{"id":41,"date":"2025-10-16T18:50:25","date_gmt":"2025-10-16T18:50:25","guid":{"rendered":"https:\/\/vmezdi.mojweb.com.hr\/?page_id=41"},"modified":"2025-10-16T18:54:41","modified_gmt":"2025-10-16T18:54:41","slug":"o-nama","status":"publish","type":"page","link":"https:\/\/vmezdi.mojweb.com.hr\/index.php\/o-nama\/","title":{"rendered":"O nama"},"content":{"rendered":"\t\t<div data-elementor-type=\"wp-post\" data-elementor-id=\"41\" class=\"elementor elementor-41\">\n\t\t\t\t<div class=\"elementor-element elementor-element-407417d e-flex e-con-boxed e-con e-parent\" data-id=\"407417d\" data-element_type=\"container\">\n\t\t\t\t\t<div class=\"e-con-inner\">\n\t\t<div class=\"elementor-element elementor-element-af256f5 e-con-full e-flex e-con e-child\" data-id=\"af256f5\" data-element_type=\"container\">\n\t\t\t\t<div class=\"elementor-element elementor-element-b048420 elementor-widget elementor-widget-image\" data-id=\"b048420\" data-element_type=\"widget\" data-widget_type=\"image.default\">\n\t\t\t\t\t\t\t\t\t\t\t\t\t\t\t<img decoding=\"async\" src=\"https:\/\/vmezdi.mojweb.com.hr\/wp-content\/plugins\/elementor\/assets\/images\/placeholder.png\" title=\"\" alt=\"\" loading=\"lazy\" \/>\t\t\t\t\t\t\t\t\t\t\t\t\t\t\t<\/div>\n\t\t\t\t<\/div>\n\t\t<div class=\"elementor-element elementor-element-0d515bc e-con-full e-flex e-con e-child\" data-id=\"0d515bc\" data-element_type=\"container\">\n\t\t\t\t<div class=\"elementor-element elementor-element-3a4f035 elementor-widget elementor-widget-heading\" data-id=\"3a4f035\" data-element_type=\"widget\" data-widget_type=\"heading.default\">\n\t\t\t\t\t<h2 class=\"elementor-heading-title elementor-size-default\">Valentina Mezdi\u0107 <br>vokal<\/h2>\t\t\t\t<\/div>\n\t\t\t\t<\/div>\n\t\t\t\t\t<\/div>\n\t\t\t\t<\/div>\n\t\t<div class=\"elementor-element elementor-element-7671c17 e-flex e-con-boxed e-con e-parent\" data-id=\"7671c17\" data-element_type=\"container\">\n\t\t\t\t\t<div class=\"e-con-inner\">\n\t\t<div class=\"elementor-element elementor-element-1b84168 e-con-full e-flex e-con e-child\" data-id=\"1b84168\" data-element_type=\"container\">\n\t\t\t\t<div class=\"elementor-element elementor-element-8a82109 elementor-widget elementor-widget-heading\" data-id=\"8a82109\" data-element_type=\"widget\" data-widget_type=\"heading.default\">\n\t\t\t\t\t<h2 class=\"elementor-heading-title elementor-size-default\">Damir Bogdan <br>klavijature i vokal<\/h2>\t\t\t\t<\/div>\n\t\t\t\t<\/div>\n\t\t<div class=\"elementor-element elementor-element-eb21c10 e-con-full e-flex e-con e-child\" data-id=\"eb21c10\" data-element_type=\"container\">\n\t\t\t\t<div class=\"elementor-element elementor-element-cdab6cb elementor-widget elementor-widget-image\" data-id=\"cdab6cb\" data-element_type=\"widget\" data-widget_type=\"image.default\">\n\t\t\t\t\t\t\t\t\t\t\t\t\t\t\t<img decoding=\"async\" src=\"https:\/\/vmezdi.mojweb.com.hr\/wp-content\/plugins\/elementor\/assets\/images\/placeholder.png\" title=\"\" alt=\"\" loading=\"lazy\" \/>\t\t\t\t\t\t\t\t\t\t\t\t\t\t\t<\/div>\n\t\t\t\t<\/div>\n\t\t\t\t\t<\/div>\n\t\t\t\t<\/div>\n\t\t<div class=\"elementor-element elementor-element-473dd24 e-flex e-con-boxed e-con e-parent\" data-id=\"473dd24\" data-element_type=\"container\">\n\t\t\t\t\t<div class=\"e-con-inner\">\n\t\t<div class=\"elementor-element elementor-element-6437eae e-con-full e-flex e-con e-child\" data-id=\"6437eae\" data-element_type=\"container\">\n\t\t\t\t<div class=\"elementor-element elementor-element-577e32e elementor-widget elementor-widget-image\" data-id=\"577e32e\" data-element_type=\"widget\" data-widget_type=\"image.default\">\n\t\t\t\t\t\t\t\t\t\t\t\t\t\t\t<img decoding=\"async\" src=\"https:\/\/vmezdi.mojweb.com.hr\/wp-content\/plugins\/elementor\/assets\/images\/placeholder.png\" title=\"\" alt=\"\" loading=\"lazy\" \/>\t\t\t\t\t\t\t\t\t\t\t\t\t\t\t<\/div>\n\t\t\t\t<\/div>\n\t\t<div class=\"elementor-element elementor-element-49d5ccf e-con-full e-flex e-con e-child\" data-id=\"49d5ccf\" data-element_type=\"container\">\n\t\t\t\t<div class=\"elementor-element elementor-element-7e21c8c elementor-widget elementor-widget-heading\" data-id=\"7e21c8c\" data-element_type=\"widget\" data-widget_type=\"heading.default\">\n\t\t\t\t\t<h2 class=\"elementor-heading-title elementor-size-default\">Zoran Kukec - Kuky<br>bubanj i vokal<\/h2>\t\t\t\t<\/div>\n\t\t\t\t<\/div>\n\t\t\t\t\t<\/div>\n\t\t\t\t<\/div>\n\t\t<div class=\"elementor-element elementor-element-d33e66b e-flex e-con-boxed e-con e-parent\" data-id=\"d33e66b\" data-element_type=\"container\">\n\t\t\t\t\t<div class=\"e-con-inner\">\n\t\t<div class=\"elementor-element elementor-element-7f66ba7 e-con-full e-flex e-con e-child\" data-id=\"7f66ba7\" data-element_type=\"container\">\n\t\t\t\t<div class=\"elementor-element elementor-element-fe728e2 elementor-widget elementor-widget-heading\" data-id=\"fe728e2\" data-element_type=\"widget\" data-widget_type=\"heading.default\">\n\t\t\t\t\t<h2 class=\"elementor-heading-title elementor-size-default\">Dragomir Herendi\u0107 - Dragianni <br>gitara i vokal<\/h2>\t\t\t\t<\/div>\n\t\t\t\t<\/div>\n\t\t<div class=\"elementor-element elementor-element-7d7eada e-con-full e-flex e-con e-child\" data-id=\"7d7eada\" data-element_type=\"container\">\n\t\t\t\t<div class=\"elementor-element elementor-element-8c8d509 elementor-widget elementor-widget-image\" data-id=\"8c8d509\" data-element_type=\"widget\" data-widget_type=\"image.default\">\n\t\t\t\t\t\t\t\t\t\t\t\t\t\t\t<img decoding=\"async\" src=\"https:\/\/vmezdi.mojweb.com.hr\/wp-content\/plugins\/elementor\/assets\/images\/placeholder.png\" title=\"\" alt=\"\" loading=\"lazy\" \/>\t\t\t\t\t\t\t\t\t\t\t\t\t\t\t<\/div>\n\t\t\t\t<\/div>\n\t\t\t\t\t<\/div>\n\t\t\t\t<\/div>\n\t\t<div class=\"elementor-element elementor-element-25051e5 e-flex e-con-boxed e-con e-parent\" data-id=\"25051e5\" data-element_type=\"container\">\n\t\t\t\t\t<div class=\"e-con-inner\">\n\t\t<div class=\"elementor-element elementor-element-5e23b41 e-con-full e-flex e-con e-child\" data-id=\"5e23b41\" data-element_type=\"container\">\n\t\t\t\t<div class=\"elementor-element elementor-element-c4ecab9 elementor-widget elementor-widget-image\" data-id=\"c4ecab9\" data-element_type=\"widget\" data-widget_type=\"image.default\">\n\t\t\t\t\t\t\t\t\t\t\t\t\t\t\t<img decoding=\"async\" src=\"https:\/\/vmezdi.mojweb.com.hr\/wp-content\/plugins\/elementor\/assets\/images\/placeholder.png\" title=\"\" alt=\"\" loading=\"lazy\" \/>\t\t\t\t\t\t\t\t\t\t\t\t\t\t\t<\/div>\n\t\t\t\t<\/div>\n\t\t<div class=\"elementor-element elementor-element-5c78644 e-con-full e-flex e-con e-child\" data-id=\"5c78644\" data-element_type=\"container\">\n\t\t\t\t<div class=\"elementor-element elementor-element-9a40a38 elementor-widget elementor-widget-heading\" data-id=\"9a40a38\" data-element_type=\"widget\" data-widget_type=\"heading.default\">\n\t\t\t\t\t<h2 class=\"elementor-heading-title elementor-size-default\">Jere Valdevit <br>saksofon i vokal<\/h2>\t\t\t\t<\/div>\n\t\t\t\t<\/div>\n\t\t\t\t\t<\/div>\n\t\t\t\t<\/div>\n\t\t<div class=\"elementor-element elementor-element-d0a3054 e-flex e-con-boxed e-con e-parent\" data-id=\"d0a3054\" data-element_type=\"container\">\n\t\t\t\t\t<div class=\"e-con-inner\">\n\t\t<div class=\"elementor-element elementor-element-cbb3381 e-con-full e-flex e-con e-child\" data-id=\"cbb3381\" data-element_type=\"container\">\n\t\t\t\t<div class=\"elementor-element elementor-element-bdae2de elementor-widget elementor-widget-heading\" data-id=\"bdae2de\" data-element_type=\"widget\" data-widget_type=\"heading.default\">\n\t\t\t\t\t<h2 class=\"elementor-heading-title elementor-size-default\">Jurica Kondres <br>bass i vokal<\/h2>\t\t\t\t<\/div>\n\t\t\t\t<\/div>\n\t\t<div class=\"elementor-element elementor-element-9e48c10 e-con-full e-flex e-con e-child\" data-id=\"9e48c10\" data-element_type=\"container\">\n\t\t\t\t<div class=\"elementor-element elementor-element-2cab4d3 elementor-widget elementor-widget-image\" data-id=\"2cab4d3\" data-element_type=\"widget\" data-widget_type=\"image.default\">\n\t\t\t\t\t\t\t\t\t\t\t\t\t\t\t<img decoding=\"async\" src=\"https:\/\/vmezdi.mojweb.com.hr\/wp-content\/plugins\/elementor\/assets\/images\/placeholder.png\" title=\"\" alt=\"\" loading=\"lazy\" \/>\t\t\t\t\t\t\t\t\t\t\t\t\t\t\t<\/div>\n\t\t\t\t<\/div>\n\t\t\t\t\t<\/div>\n\t\t\t\t<\/div>\n\t\t\t\t<\/div>\n\t\t","protected":false},"excerpt":{"rendered":"<p>Valentina Mezdi\u0107 vokal Damir Bogdan klavijature i vokal Zoran Kukec &#8211; Kukybubanj i vokal Dragomir Herendi\u0107 &#8211; Dragianni gitara i vokal Jere Valdevit saksofon i vokal Jurica Kondres bass i vokal<\/p>\n","protected":false},"author":1,"featured_media":0,"parent":0,"menu_order":0,"comment_status":"closed","ping_status":"closed","template":"","meta":{"footnotes":""},"class_list":["post-41","page","type-page","status-publish","hentry"],"yoast_head":"<!-- This site is optimized with the Yoast SEO plugin v26.3 - https:\/\/yoast.com\/wordpress\/plugins\/seo\/ -->\n<title>O nama - Showtime Band<\/title>\n<meta name=\"description\" content=\"Upoznaj Showtime Band i saznaj kako \u0161estero ljudi &quot;glazbu za vjen\u010danje&quot; ili &quot;muziku za event&quot; \u010dine nezaboravnim iskustvom.\" \/>\n<meta name=\"robots\" content=\"index, follow, max-snippet:-1, max-image-preview:large, max-video-preview:-1\" \/>\n<link rel=\"canonical\" href=\"https:\/\/vmezdi.mojweb.com.hr\/index.php\/o-nama\/\" \/>\n<meta property=\"og:locale\" content=\"en_US\" \/>\n<meta property=\"og:type\" content=\"article\" \/>\n<meta property=\"og:title\" content=\"O nama - Showtime Band\" \/>\n<meta property=\"og:description\" content=\"Upoznaj Showtime Band i saznaj kako \u0161estero ljudi &quot;glazbu za vjen\u010danje&quot; ili &quot;muziku za event&quot; \u010dine nezaboravnim iskustvom.\" \/>\n<meta property=\"og:url\" content=\"https:\/\/vmezdi.mojweb.com.hr\/index.php\/o-nama\/\" \/>\n<meta property=\"og:site_name\" content=\"Showtime Band\" \/>\n<meta property=\"article:modified_time\" content=\"2025-10-16T18:54:41+00:00\" \/>\n<meta property=\"og:image\" content=\"https:\/\/vmezdi.mojweb.com.hr\/wp-content\/plugins\/elementor\/assets\/images\/placeholder.png\" \/>\n<meta name=\"twitter:card\" content=\"summary_large_image\" \/>\n<meta name=\"twitter:label1\" content=\"Est. reading time\" \/>\n\t<meta name=\"twitter:data1\" content=\"1 minute\" \/>\n<script type=\"application\/ld+json\" class=\"yoast-schema-graph\">{\"@context\":\"https:\/\/schema.org\",\"@graph\":[{\"@type\":\"WebPage\",\"@id\":\"https:\/\/vmezdi.mojweb.com.hr\/index.php\/o-nama\/\",\"url\":\"https:\/\/vmezdi.mojweb.com.hr\/index.php\/o-nama\/\",\"name\":\"O nama - Showtime Band\",\"isPartOf\":{\"@id\":\"https:\/\/vmezdi.mojweb.com.hr\/#website\"},\"primaryImageOfPage\":{\"@id\":\"https:\/\/vmezdi.mojweb.com.hr\/index.php\/o-nama\/#primaryimage\"},\"image\":{\"@id\":\"https:\/\/vmezdi.mojweb.com.hr\/index.php\/o-nama\/#primaryimage\"},\"thumbnailUrl\":\"https:\/\/vmezdi.mojweb.com.hr\/wp-content\/plugins\/elementor\/assets\/images\/placeholder.png\",\"datePublished\":\"2025-10-16T18:50:25+00:00\",\"dateModified\":\"2025-10-16T18:54:41+00:00\",\"description\":\"Upoznaj Showtime Band i saznaj kako \u0161estero ljudi \\\"glazbu za vjen\u010danje\\\" ili \\\"muziku za event\\\" \u010dine nezaboravnim iskustvom.\",\"breadcrumb\":{\"@id\":\"https:\/\/vmezdi.mojweb.com.hr\/index.php\/o-nama\/#breadcrumb\"},\"inLanguage\":\"en-US\",\"potentialAction\":[{\"@type\":\"ReadAction\",\"target\":[\"https:\/\/vmezdi.mojweb.com.hr\/index.php\/o-nama\/\"]}]},{\"@type\":\"ImageObject\",\"inLanguage\":\"en-US\",\"@id\":\"https:\/\/vmezdi.mojweb.com.hr\/index.php\/o-nama\/#primaryimage\",\"url\":\"https:\/\/vmezdi.mojweb.com.hr\/wp-content\/plugins\/elementor\/assets\/images\/placeholder.png\",\"contentUrl\":\"https:\/\/vmezdi.mojweb.com.hr\/wp-content\/plugins\/elementor\/assets\/images\/placeholder.png\"},{\"@type\":\"BreadcrumbList\",\"@id\":\"https:\/\/vmezdi.mojweb.com.hr\/index.php\/o-nama\/#breadcrumb\",\"itemListElement\":[{\"@type\":\"ListItem\",\"position\":1,\"name\":\"Home\",\"item\":\"https:\/\/vmezdi.mojweb.com.hr\/\"},{\"@type\":\"ListItem\",\"position\":2,\"name\":\"O nama\"}]},{\"@type\":\"WebSite\",\"@id\":\"https:\/\/vmezdi.mojweb.com.hr\/#website\",\"url\":\"https:\/\/vmezdi.mojweb.com.hr\/\",\"name\":\"Showtime Band\",\"description\":\"Slu\u017ebena stranica benda za svadbe, evente i koncerte.\",\"publisher\":{\"@id\":\"https:\/\/vmezdi.mojweb.com.hr\/#organization\"},\"potentialAction\":[{\"@type\":\"SearchAction\",\"target\":{\"@type\":\"EntryPoint\",\"urlTemplate\":\"https:\/\/vmezdi.mojweb.com.hr\/?s={search_term_string}\"},\"query-input\":{\"@type\":\"PropertyValueSpecification\",\"valueRequired\":true,\"valueName\":\"search_term_string\"}}],\"inLanguage\":\"en-US\"},{\"@type\":\"Organization\",\"@id\":\"https:\/\/vmezdi.mojweb.com.hr\/#organization\",\"name\":\"Showtime Band\",\"url\":\"https:\/\/vmezdi.mojweb.com.hr\/\",\"logo\":{\"@type\":\"ImageObject\",\"inLanguage\":\"en-US\",\"@id\":\"https:\/\/vmezdi.mojweb.com.hr\/#\/schema\/logo\/image\/\",\"url\":\"https:\/\/vmezdi.mojweb.com.hr\/wp-content\/uploads\/2025\/10\/Showtime-Digital_Logotip-Full-C.png\",\"contentUrl\":\"https:\/\/vmezdi.mojweb.com.hr\/wp-content\/uploads\/2025\/10\/Showtime-Digital_Logotip-Full-C.png\",\"width\":1755,\"height\":1241,\"caption\":\"Showtime Band\"},\"image\":{\"@id\":\"https:\/\/vmezdi.mojweb.com.hr\/#\/schema\/logo\/image\/\"}}]}<\/script>\n<!-- \/ Yoast SEO plugin. -->","yoast_head_json":{"title":"O nama - Showtime Band","description":"Upoznaj Showtime Band i saznaj kako \u0161estero ljudi \"glazbu za vjen\u010danje\" ili \"muziku za event\" \u010dine nezaboravnim iskustvom.","robots":{"index":"index","follow":"follow","max-snippet":"max-snippet:-1","max-image-preview":"max-image-preview:large","max-video-preview":"max-video-preview:-1"},"canonical":"https:\/\/vmezdi.mojweb.com.hr\/index.php\/o-nama\/","og_locale":"en_US","og_type":"article","og_title":"O nama - Showtime Band","og_description":"Upoznaj Showtime Band i saznaj kako \u0161estero ljudi \"glazbu za vjen\u010danje\" ili \"muziku za event\" \u010dine nezaboravnim iskustvom.","og_url":"https:\/\/vmezdi.mojweb.com.hr\/index.php\/o-nama\/","og_site_name":"Showtime Band","article_modified_time":"2025-10-16T18:54:41+00:00","og_image":[{"url":"https:\/\/vmezdi.mojweb.com.hr\/wp-content\/plugins\/elementor\/assets\/images\/placeholder.png","type":"","width":"","height":""}],"twitter_card":"summary_large_image","twitter_misc":{"Est. reading time":"1 minute"},"schema":{"@context":"https:\/\/schema.org","@graph":[{"@type":"WebPage","@id":"https:\/\/vmezdi.mojweb.com.hr\/index.php\/o-nama\/","url":"https:\/\/vmezdi.mojweb.com.hr\/index.php\/o-nama\/","name":"O nama - Showtime Band","isPartOf":{"@id":"https:\/\/vmezdi.mojweb.com.hr\/#website"},"primaryImageOfPage":{"@id":"https:\/\/vmezdi.mojweb.com.hr\/index.php\/o-nama\/#primaryimage"},"image":{"@id":"https:\/\/vmezdi.mojweb.com.hr\/index.php\/o-nama\/#primaryimage"},"thumbnailUrl":"https:\/\/vmezdi.mojweb.com.hr\/wp-content\/plugins\/elementor\/assets\/images\/placeholder.png","datePublished":"2025-10-16T18:50:25+00:00","dateModified":"2025-10-16T18:54:41+00:00","description":"Upoznaj Showtime Band i saznaj kako \u0161estero ljudi \"glazbu za vjen\u010danje\" ili \"muziku za event\" \u010dine nezaboravnim iskustvom.","breadcrumb":{"@id":"https:\/\/vmezdi.mojweb.com.hr\/index.php\/o-nama\/#breadcrumb"},"inLanguage":"en-US","potentialAction":[{"@type":"ReadAction","target":["https:\/\/vmezdi.mojweb.com.hr\/index.php\/o-nama\/"]}]},{"@type":"ImageObject","inLanguage":"en-US","@id":"https:\/\/vmezdi.mojweb.com.hr\/index.php\/o-nama\/#primaryimage","url":"https:\/\/vmezdi.mojweb.com.hr\/wp-content\/plugins\/elementor\/assets\/images\/placeholder.png","contentUrl":"https:\/\/vmezdi.mojweb.com.hr\/wp-content\/plugins\/elementor\/assets\/images\/placeholder.png"},{"@type":"BreadcrumbList","@id":"https:\/\/vmezdi.mojweb.com.hr\/index.php\/o-nama\/#breadcrumb","itemListElement":[{"@type":"ListItem","position":1,"name":"Home","item":"https:\/\/vmezdi.mojweb.com.hr\/"},{"@type":"ListItem","position":2,"name":"O nama"}]},{"@type":"WebSite","@id":"https:\/\/vmezdi.mojweb.com.hr\/#website","url":"https:\/\/vmezdi.mojweb.com.hr\/","name":"Showtime Band","description":"Slu\u017ebena stranica benda za svadbe, evente i koncerte.","publisher":{"@id":"https:\/\/vmezdi.mojweb.com.hr\/#organization"},"potentialAction":[{"@type":"SearchAction","target":{"@type":"EntryPoint","urlTemplate":"https:\/\/vmezdi.mojweb.com.hr\/?s={search_term_string}"},"query-input":{"@type":"PropertyValueSpecification","valueRequired":true,"valueName":"search_term_string"}}],"inLanguage":"en-US"},{"@type":"Organization","@id":"https:\/\/vmezdi.mojweb.com.hr\/#organization","name":"Showtime Band","url":"https:\/\/vmezdi.mojweb.com.hr\/","logo":{"@type":"ImageObject","inLanguage":"en-US","@id":"https:\/\/vmezdi.mojweb.com.hr\/#\/schema\/logo\/image\/","url":"https:\/\/vmezdi.mojweb.com.hr\/wp-content\/uploads\/2025\/10\/Showtime-Digital_Logotip-Full-C.png","contentUrl":"https:\/\/vmezdi.mojweb.com.hr\/wp-content\/uploads\/2025\/10\/Showtime-Digital_Logotip-Full-C.png","width":1755,"height":1241,"caption":"Showtime Band"},"image":{"@id":"https:\/\/vmezdi.mojweb.com.hr\/#\/schema\/logo\/image\/"}}]}},"_links":{"self":[{"href":"https:\/\/vmezdi.mojweb.com.hr\/index.php\/wp-json\/wp\/v2\/pages\/41","targetHints":{"allow":["GET"]}}],"collection":[{"href":"https:\/\/vmezdi.mojweb.com.hr\/index.php\/wp-json\/wp\/v2\/pages"}],"about":[{"href":"https:\/\/vmezdi.mojweb.com.hr\/index.php\/wp-json\/wp\/v2\/types\/page"}],"author":[{"embeddable":true,"href":"https:\/\/vmezdi.mojweb.com.hr\/index.php\/wp-json\/wp\/v2\/users\/1"}],"replies":[{"embeddable":true,"href":"https:\/\/vmezdi.mojweb.com.hr\/index.php\/wp-json\/wp\/v2\/comments?post=41"}],"version-history":[{"count":10,"href":"https:\/\/vmezdi.mojweb.com.hr\/index.php\/wp-json\/wp\/v2\/pages\/41\/revisions"}],"predecessor-version":[{"id":78,"href":"https:\/\/vmezdi.mojweb.com.hr\/index.php\/wp-json\/wp\/v2\/pages\/41\/revisions\/78"}],"wp:attachment":[{"href":"https:\/\/vmezdi.mojweb.com.hr\/index.php\/wp-json\/wp\/v2\/media?parent=41"}],"curies":[{"name":"wp","href":"https:\/\/api.w.org\/{rel}","templated":true}]}}